{"id":3079,"date":"2023-03-22T10:08:13","date_gmt":"2023-03-22T10:08:13","guid":{"rendered":"https:\/\/test.auxlaper.com\/?page_id=3079"},"modified":"2023-03-22T10:08:15","modified_gmt":"2023-03-22T10:08:15","slug":"avis-legal","status":"publish","type":"page","link":"https:\/\/auxlaper.com\/cat\/avis-legal\/","title":{"rendered":"Av\u00eds legal"},"content":{"rendered":"<p id=\"block-fcc4b4c5-68d4-47e0-bb01-19446a9314ec\"><strong>1. IDENTIFICACI\u00d3 WEBSITE<\/strong><\/p>\n\n\n\n<p id=\"block-daecf767-9840-486e-a277-a2c63ef34a1c\">En compliment del que disposa l&#039;article 10 de la Llei 34\/2002, d&#039;11 de juliol, de Serveis de la Societat de la Informaci\u00f3 i Comer\u00e7 Electr\u00f2nic (LSSICE), posem a la vostra disposici\u00f3 la \u201cinformaci\u00f3 general\u201d, que compr\u00e8n les dades identificatives de l&#039;entitat titular d&#039;aquest WEBSITE:<\/p>\n\n\n\n<p id=\"block-a98287ed-e0fd-459b-b7ad-37250e9b4d07\">Denominaci\u00f3 Social:<strong> <a>AUXLAPER SA<\/a><\/strong><\/p>\n\n\n\n<p id=\"block-60dfbb29-f955-4233-8856-e92842fe24e8\">Nom Comercial: <strong>AUXLAPER SA<\/strong><\/p>\n\n\n\n<p id=\"block-cccb8853-7e91-4244-9a2d-69cd65951b04\">Domicili de contacte: <strong>C\/ Basilea, 9. 08210 Barber\u00e0 del Vall\u00e8s.<\/strong><\/p>\n\n\n\n<p id=\"block-feb04550-b77e-40ee-89d6-b1f54e493511\">Domicili Social:<a><strong> C\/ Basilea, 9. 08210 Barber\u00e0 del Vall\u00e8s.<\/strong><\/a><\/p>\n\n\n\n<p id=\"block-1f411967-da75-48a0-be59-c39c92413758\">CIF: <strong>A-08063372<\/strong><\/p>\n\n\n\n<p id=\"block-714c8cc0-2401-427b-a993-faf727705c79\">Tel\u00e8fon: <strong>93 718 54 51<\/strong><\/p>\n\n\n\n<p id=\"block-1cc8508b-0b8d-4e56-a228-c4dbd3b46331\">E-mail:<strong> <a href=\"mailto:auxlaper@auxlaper.com\">auxlaper@auxlaper.com<\/a>&nbsp;<\/strong><\/p>\n\n\n\n<p id=\"block-33f5e558-8e30-406f-a5fd-0a3a97721456\">Nom de domini<strong>: <a href=\"https:\/\/auxlaper.com\/cat\">https:\/\/auxlaper.com<\/a><\/strong><\/p>\n\n\n\n<p id=\"block-99a3b9b9-ff22-4af4-93c1-f930621c1583\">Inscrita al Registre Mercantil de Barcelona, al tom 4322, foli 212, full 26689.<\/p>\n\n\n\n<p id=\"block-4c68e5f0-bfd9-4cd7-865b-8ba4f26287e6\"><strong>Condicions d&#039;\u00daS del WEBSITE<\/strong><\/p>\n\n\n\n<p id=\"block-82549742-ce66-4f40-a27a-b407fa9ef692\"><strong>2. ATRIBUCI\u00d3 CONDICI\u00d3 D&#039;USUARI DEL WEBSITE<\/strong><\/p>\n\n\n\n<p id=\"block-b041645c-d4ac-4908-9a99-135bd3d8d064\">La utilitzaci\u00f3 de <a href=\"https:\/\/auxlaper.com\/cat\">https:\/\/auxlaper.com<\/a> (d&#039;ara endavant, el \u201cWEBSITE\u201d) atribueix la condici\u00f3 d&#039;usuari del website i implica l&#039;acceptaci\u00f3 plena i sense reserves de totes i cadascuna de les disposicions incloses en aquest Av\u00eds Legal a la versi\u00f3 publicada per <strong>AUXLAPER SA <\/strong>(d&#039;ara endavant, <strong>\u201cAUXLAPER<\/strong>&quot;) en el moment mateix en qu\u00e8 l&#039;usuari accedeixi al WEBSITE. En conseq\u00fc\u00e8ncia, l&#039;usuari ha de llegir atentament les presents condicions en cadascuna de les ocasions en qu\u00e8 es proposi utilitzar el WEBSITE, ja que poden patir modificacions&quot;.<\/p>\n\n\n\n<p id=\"block-2b17c3dd-f60e-4480-9f5e-c935b81db6ac\"><strong>AUXLAPER<\/strong> es reserva el dret de modificar les condicions d\u00fas del WEBSITE, i \u00e9s obligaci\u00f3 de lUsuari revisar peri\u00f2dicament aquestes condicions.<\/p>\n\n\n\n<p id=\"block-02979ede-fdf0-41fd-9512-89bf76a4178d\"><strong>3. OBJECTE<\/strong><\/p>\n\n\n\n<p id=\"block-72f3a910-ce46-4bf2-85ca-a72665f72066\">Aquestes condicions d\u201f\u00fas pretenen regular l\u201facc\u00e9s dels usuaris i la navegaci\u00f3 posterior pel WEBSITE. Aix\u00ed mateix, aquestes condicions regulen la relaci\u00f3 entre els usuaris i <strong>AUXLAPER<\/strong> quan els primers usin el WEBSITE ofert per <strong>AUXLAPER<\/strong> amb qualsevol tipus de finalitat.<\/p>\n\n\n\n<p id=\"block-706e6e3c-c9fa-4ed6-881a-9eb998678236\"><strong>4. OBLIGACIONS DELS USUARIS<\/strong><\/p>\n\n\n\n<p id=\"block-2a0c9bdf-e1ef-411d-ba11-123063f09010\"><strong>Acc\u00e9s i utilitzaci\u00f3 del WEBSITE:<\/strong><\/p>\n\n\n\n<p id=\"block-b948e0be-d436-4eca-ba03-ae422111da4e\">La visita i consulta d&#039;informaci\u00f3 del WEBSITE, t\u00e9 car\u00e0cter gratu\u00eft per a tots els Usuaris.<\/p>\n\n\n\n<p id=\"block-b182d411-5133-4fb3-8c8c-7487698ecca7\"><strong>Obligaci\u00f3 de fer un \u00fas correcte dels continguts:<\/strong><\/p>\n\n\n\n<p id=\"block-a03e3359-701d-41a3-bfde-53a19eec62d2\">L&#039;Usuari es compromet a utilitzar els continguts posats a disposici\u00f3 dels Usuaris al WEBSITE i, entenent per aquests, sense que aquesta enumeraci\u00f3 tingui car\u00e0cter limitatiu, els textos, fotografies, gr\u00e0fics, imatges, icones, tecnologia, programari, links i altres continguts audiovisuals o sonors, aix\u00ed com el seu disseny gr\u00e0fic i codis font (d&#039;ara endavant, els \u00abContinguts\u00bb) \u00fas) i altres avisos, reglaments d\u00fas i instruccions posats en el seu coneixement, aix\u00ed com amb la moral i els bons costums generalment acceptats i lordre p\u00fablic.<\/p>\n\n\n\n<p id=\"block-77eda136-413d-4bab-a12b-cd9818075560\"><strong>5. PROPIETAT INTEL\u00b7LECTUAL<\/strong><\/p>\n\n\n\n<p id=\"block-771b3ee9-eb17-4472-bd3d-88aab7679efb\"><strong>AUXLAPER<\/strong> \u00e9s titular dels drets de propietat intel\u00b7lectual i industrial, o ha obtingut les autoritzacions o llic\u00e8ncies corresponents per a la seva explotaci\u00f3, sobre el nom de domini, les marques i els signes distintius, la informaci\u00f3 i la resta d&#039;obres i invencions relacionades amb el WEBSITE i la tecnologia associada a aquest, aix\u00ed com sobre els seus continguts.<\/p>\n\n\n\n<p id=\"block-f01ec23d-c011-4cca-8132-bc9b02350104\">Els continguts d&#039;aquest WEBSITE, incloent-hi dissenys, aplicacions, text, imatges i codi font, estan protegits per drets de propietat intel\u00b7lectual i industrial.<\/p>\n\n\n\n<p id=\"block-5acd5fae-bd29-4ba9-a3c6-552998234465\">De cap manera el contingut es podr\u00e0 utilitzar, reproduir, copiar o transmetre de cap manera sense el perm\u00eds previ, escrit i expl\u00edcit de <strong>AUXLAPER<\/strong><strong>.<\/strong><\/p>\n\n\n\n<p id=\"block-98c97e8d-82cc-4cf4-9ab4-ca8d53768e25\">L&#039;Usuari haur\u00e0 d&#039;abstenir-se d&#039;aportar continguts que hagin estat obtinguts de manera il\u00b7l\u00edcita o protegits per drets de propietat intel\u00b7lectual (copyright) sense l&#039;autoritzaci\u00f3 expressa dels autors originals o els propietaris dels drets esmentats. En tot cas, respondr\u00e0 l&#039;usuari i no <strong>AUXLAPER<\/strong> de les possibles reclamacions econ\u00f2miques o de qualsevol tipus que poguessin adre\u00e7ar-se a <strong>AUXLAPER<\/strong> per aquests fets en reclamaci\u00f3 dels drets de propietat intel\u00b7lectual esmentats.<\/p>\n\n\n\n<p id=\"block-c19c8e99-44dd-4765-a19c-40dc29c1d59d\">En el cas en qu\u00e8 un Usuari o un tercer consideri que existeixen fets o circumst\u00e0ncies que revelin el car\u00e0cter indegut de la utilitzaci\u00f3 de qualsevol contingut i\/o de la realitzaci\u00f3 de qualsevol activitat a les p\u00e0gines web incloses o accessibles a trav\u00e9s del WEBSITE i, en particular, de la violaci\u00f3 de drets de propietat intel\u00b7lectual o industrial (patents, models i dibuixos industrials, marca). deures i obligacions previstes en aquestes condicions o la vulneraci\u00f3 d&#039;altres drets, haureu d&#039;enviar un email a &nbsp;<a href=\"mailto:auxlaper@auxlaper.com\">auxlaper@auxlaper.com<\/a> informant a <strong>AUXLAPER<\/strong> i en qu\u00e8 es continguin els seg\u00fcents extrems:<\/p>\n\n\n\n<p id=\"block-65fab67d-5582-4a15-88fb-4dbbb99bc919\">(a) Dades personals del reclamant: nom, adre\u00e7a, n\u00famero de tel\u00e8fon i adre\u00e7a de correu electr\u00f2nic;<\/p>\n\n\n\n<p id=\"block-f883e8ce-909c-44ab-add7-696762025260\">(b) Especificaci\u00f3 de la suposada activitat il\u00b7l\u00edcita duta a terme al WEBSITE i, en particular, quan es tracti d&#039;una suposada violaci\u00f3 de drets, indicaci\u00f3 precisa i concreta dels continguts protegits, aix\u00ed com de la seva localitzaci\u00f3 a les p\u00e0gines web;<\/p>\n\n\n\n<p id=\"block-e4f45372-7335-4e1c-98b9-936a3856c733\">(c) Fets o circumst\u00e0ncies que revelen el car\u00e0cter il\u00b7l\u00edcit de la dita activitat;<\/p>\n\n\n\n<p id=\"block-069a77d3-ee2e-4e05-afaa-131cd031d79e\">(d) En el sup\u00f2sit de violaci\u00f3 de drets, amb les dades personals del titular dels drets suposadament infringits.<\/p>\n\n\n\n<p id=\"block-325a3cd0-6db1-4f06-88db-13cdc12def5b\">(e) Declaraci\u00f3 expressa, clara i sota la responsabilitat del reclamant que la informaci\u00f3 proporcionada a la notificaci\u00f3 \u00e9s exacta i del car\u00e0cter indegut de la utilitzaci\u00f3 dels continguts o de la realitzaci\u00f3 de les activitats descrites.<\/p>\n\n\n\n<p id=\"block-c3f3f20a-0212-4c14-a69e-638764e69191\"><strong>AUXLAPER<\/strong> procedir\u00e0 immediatament a adoptar les mesures per a l&#039;esmena o eliminaci\u00f3, si escau, de les dades o continguts esmentats.<\/p>\n\n\n\n<p id=\"block-009061d1-84ec-41ab-ac12-b8b7b5f153d7\">Tots els serveis de programari estan protegits per lleis de copyright i tractats internacionals de copyright, aix\u00ed com altres lleis i tractats de car\u00e0cter intel\u00b7lectual. Tots els drets de t\u00edtol i de propietat intel\u00b7lectual en el contingut que s&#039;hi accedeix per mitj\u00e0 de l&#039;\u00fas del WEBSITE \u00e9s propietat de <strong>AUXLAPER<\/strong> o del respectiu amo i tamb\u00e9 estan protegits per copyright i altres lleis de propietat intel\u00b7lectual.<\/p>\n\n\n\n<p id=\"block-6192d585-3421-491d-87b8-e1cf5b3c4823\"><strong>6. PROTECCI\u00d3 DE DADES PERSONALS i CONFIDENCIALITAT<\/strong><\/p>\n\n\n\n<p id=\"block-79f7ebe1-367d-40d3-94f1-8895d747cdf7\">Les dades personals que ens faciliti nom\u00e9s es faran servir per gestionar i oferir-li un servei \u00f2ptim i de qualitat. Nom\u00e9s tractarem les dades personals que vost\u00e8 mateix ens faciliti. Amb la cessi\u00f3 de les vostres dades, ens autoritzeu a tractar les vostres dades amb les finalitats indicades.<\/p>\n\n\n\n<p id=\"block-fdd267ca-fbaf-4bfa-8136-4026d601bbd0\"><strong>AUXLAPER<\/strong> garanteix la confidencialitat i seguretat de les seves dades de car\u00e0cter personal quan aquestes s\u00f3n objecte de tractament en la mesura que t\u00e9 implantades les pol\u00edtiques de tractament i mesures de seguretat a qu\u00e8 fa refer\u00e8ncia la normativa de privadesa. Les pol\u00edtiques de tractament i mesures de seguretat implantades a <strong>AUXLAPER<\/strong> eviten l&#039;alteraci\u00f3, la p\u00e8rdua, el tractament o l&#039;\u00fas no autoritzat de les seves dades de car\u00e0cter personal.<\/p>\n\n\n\n<p id=\"block-8a1f342e-4d6f-4051-aacb-762239a8d4c7\">Tota la informaci\u00f3 que faciliti l&#039;usuari a trav\u00e9s dels formularis del WEBSITE haur\u00e0 de ser vera\u00e7. Vost\u00e8 ens autoritza que passin a formar part d&#039;un fitxer del qual \u00e9s responsable <strong>AUXLAPER<\/strong> davant el qual podr\u00e0 exercitar els seus drets, ja que sigui utilitzada per mantenir la relaci\u00f3 comercial i rebre informaci\u00f3 i publicitat de la nostra empresa.<\/p>\n\n\n\n<p id=\"block-20d68619-5be8-44d8-ab54-f88b7e2f37f2\">A aquest efecte, l&#039;usuari garanteix l&#039;autenticitat de totes les dades que comuniqui com a conseq\u00fc\u00e8ncia de l&#039;emplenament dels formularis. De la mateixa manera, ser\u00e0 responsabilitat de l&#039;usuari mantenir tota la informaci\u00f3 facilitada a <strong>AUXLAPER<\/strong> permanentment actualitzada de manera que respongui, a cada moment, a la situaci\u00f3 real de l&#039;usuari. L&#039;usuari ser\u00e0 l&#039;\u00fanic responsable de les manifestacions falses o inexactes que faci i dels perjudicis que causi a <strong>AUXLAPER<\/strong> oa tercers per la informaci\u00f3 que faciliti.<\/p>\n\n\n\n<p id=\"block-1dcd70ec-178c-4e88-9e1d-60dfe9c78821\">Podreu exercir els vostres drets d&#039;acc\u00e9s, rectificaci\u00f3, supressi\u00f3, limitaci\u00f3, portabilitat i oposici\u00f3 dirigint-vos a <strong>AUXLAPER<\/strong> enviant un email a <a href=\"mailto:auxlaper@auxlaper.com\">auxlaper@auxlaper.com<\/a><\/p>\n\n\n\n<p id=\"block-bef387d2-8239-4a01-82b5-1be1b0003277\"><strong>7. LIMITACIONS DE RESPONSABILITAT<\/strong><\/p>\n\n\n\n<p id=\"block-b551eb44-e551-4e06-9e6d-5cf08e0ea051\"><strong>AUXLAPER<\/strong> no garanteix la disponibilitat i continu\u00eftat del funcionament dels serveis del WEBSITE. Quan aix\u00f2 sigui raonablement possible, <strong>AUXLAPER<\/strong> advertir\u00e0 pr\u00e8viament de les interrupcions en el funcionament dels mateixos.<strong>AUXLAPER<\/strong> tampoc garanteix la utilitat dels serveis del WEBSITE per a la realitzaci\u00f3 de cap activitat en concret, ni la seva infal\u00b7libilitat i, en particular, encara que no de manera exclusiva, no garanteix que els usuaris puguin efectivament utilitzar-los, accedir a les diferents p\u00e0gines web que formen el WEBSITE.<\/p>\n\n\n\n<p id=\"block-78f25d90-48b7-4b4e-9d8a-f9f69f95e93e\">Si vost\u00e8 se sent perjudicat per la difusi\u00f3 al nostre WEBSITE de v\u00eddeos o imatges, pot enviar-nos un email a: <a href=\"mailto:auxlaper@auxlaper.com\">auxlaper@auxlaper.com<\/a> i estudiarem la vostra reclamaci\u00f3 i la possibilitat de retirar el material del nostre WEBSITE.<\/p>\n\n\n\n<p id=\"block-15db627a-9999-42b8-94c6-b8e1efb64d8b\">Pel que fa als Enlla\u00e7os externs: el WEBSITE pot contenir enlla\u00e7os a llocs web que no pertanyen, ni s\u00f3n controlats, editats o censurats per <strong>AUXLAPER<\/strong> per tant, no assumim cap responsabilitat pel contingut, pol\u00edtiques de privadesa o pr\u00e0ctiques d&#039;aquests llocs web externs. L&#039;exist\u00e8ncia d&#039;aquests enlla\u00e7os a la web no comporta, per part de <strong>AUXLAPER<\/strong>, l&#039;aprovaci\u00f3 dels productes, serveis, continguts, informaci\u00f3, dades, arxius i qualsevol altra classe de material existent en aquests llocs web i no controla ni es fa responsable de la qualitat, licitud, fiabilitat i utilitat de la informaci\u00f3 i\/o continguts i serveis existents als llocs.<\/p>\n\n\n\n<p id=\"block-b1b82715-f662-4df8-8b8a-8768db519bf1\"><strong>AUXLAPER<\/strong> es guardar\u00e0 el dret a canviar, modificar o afegir cl\u00e0usules sense notificaci\u00f3 pr\u00e8via, sempre que es facin constar degudament en l\u00ednia en aquest document.<\/p>\n\n\n\n<p id=\"block-f4c0bd0c-6cfc-467a-ae38-836279bbfba2\"><strong>8. LEGISLACI\u00d3 APLICABLE<\/strong> <strong>I JURISDICCI\u00d3 COMPETENT<\/strong><\/p>\n\n\n\n<p id=\"block-c8202c98-2b26-490c-a9a8-8ea36ec3f450\">Els termes i l&#039;\u00fas del WEBSITE de<strong> AUXLAPER<\/strong> o qualsevol servei que ofereixi <strong>AUXLAPER<\/strong> seran regits i interpretats dacord amb les lleis espanyoles, i per a qualsevol controv\u00e8rsia que es derivi de l\u00fas daquest servei les parts se sotmeten expressament a la Jurisdicci\u00f3 dels Tribunals de la ciutat de Barcelona (Espanya).<\/p>","protected":false},"excerpt":{"rendered":"<p>1. IDENTIFICACI\u00d3N WEBSITE En cumplimiento de lo dispuesto en el art\u00edculo 10 de la Ley 34\/2002, de 11 de julio, de Servicios de la Sociedad de la Informaci\u00f3n y Comercio Electr\u00f3nico (LSSICE), ponemos a su disposici\u00f3n la \u201cinformaci\u00f3n general\u201d, que comprende los datos identificativos de la entidad titular de este WEBSITE: Denominaci\u00f3n Social: AUXLAPER S.A. [&hellip;]<\/p>\n","protected":false},"author":4,"featured_media":0,"parent":0,"menu_order":0,"comment_status":"closed","ping_status":"closed","template":"","meta":{"footnotes":""},"class_list":["post-3079","page","type-page","status-publish","hentry"],"_links":{"self":[{"href":"https:\/\/auxlaper.com\/cat\/wp-json\/wp\/v2\/pages\/3079","targetHints":{"allow":["GET"]}}],"collection":[{"href":"https:\/\/auxlaper.com\/cat\/wp-json\/wp\/v2\/pages"}],"about":[{"href":"https:\/\/auxlaper.com\/cat\/wp-json\/wp\/v2\/types\/page"}],"author":[{"embeddable":true,"href":"https:\/\/auxlaper.com\/cat\/wp-json\/wp\/v2\/users\/4"}],"replies":[{"embeddable":true,"href":"https:\/\/auxlaper.com\/cat\/wp-json\/wp\/v2\/comments?post=3079"}],"version-history":[{"count":0,"href":"https:\/\/auxlaper.com\/cat\/wp-json\/wp\/v2\/pages\/3079\/revisions"}],"wp:attachment":[{"href":"https:\/\/auxlaper.com\/cat\/wp-json\/wp\/v2\/media?parent=3079"}],"curies":[{"name":"wp","href":"https:\/\/api.w.org\/{rel}","templated":true}]}}