{"id":4430,"date":"2025-03-07T10:47:38","date_gmt":"2025-03-07T10:47:38","guid":{"rendered":"https:\/\/auxlaper.com\/?page_id=4430"},"modified":"2025-03-12T11:37:33","modified_gmt":"2025-03-12T11:37:33","slug":"politica-de-qualitat","status":"publish","type":"page","link":"https:\/\/auxlaper.com\/cat\/politica-de-qualitat\/","title":{"rendered":"Pol\u00edtica de qualitat"},"content":{"rendered":"<h1 class=\"wp-block-heading\">Pol\u00edtica de qualitat<\/h1>\n\n\n\n<div style=\"height:100px\" aria-hidden=\"true\" class=\"wp-block-spacer\"><\/div>\n\n\n\n<p>El principal objectiu de <strong>Auxlaper<\/strong> \u00e9s distribuir als nostres clients, flascons i vials de vidre i pl\u00e0stic per a la ind\u00fastria farmac\u00e8utica, veterin\u00e0ria i cosm\u00e8tica, pots per a alimentaci\u00f3 i ampolles per a vins, caves, licors, cerveses i olis que compleixin les seves necessitats i expectatives, a un preu competitiu.<\/p>\n\n\n\n<p>Els nostres clients necessiten que els productes utilitzats compleixin les condicions necess\u00e0ries d&#039;efic\u00e0cia, seguretat i qualitat.<\/p>\n\n\n\n<p>La Direcci\u00f3 \u00e9s la responsable destablir els principis, marcar i revisar els objectius en mat\u00e8ria de Qualitat i garantir els recursos necessaris per aconseguir-los, aix\u00ed com el comprom\u00eds de complir amb els requisits i de millorar lefic\u00e0cia del sistema de gesti\u00f3 de la qualitat.<\/p>\n\n\n\n<p>Aquests objectius generals es persegueixen mitjan\u00e7ant l&#039;optimitzaci\u00f3 dels recursos, la motivaci\u00f3 i la formaci\u00f3 del personal, la bona gesti\u00f3 interna, el treball en equip i el compliment dels requisits legals aplicables i altres requisits que estableixi la Direcci\u00f3.<\/p>\n\n\n\n<p>La Direcci\u00f3 revisa i aprova l&#039;avaluaci\u00f3 de riscos de l&#039;empresa, on s&#039;analitzen els possibles riscos dels processos de l&#039;empresa prevenint i evitant aix\u00ed desviacions, i prenent decisions per minimitzar possibles no conformitats.<\/p>\n\n\n\n<p>El Sistema de Gesti\u00f3 de la Qualitat de <strong>Auxlaper<\/strong> t\u00e9 adoptat el concepte de millora continuada, optimitzant els requeriments, requisits, recursos, productes i el tracte i servei als nostres clients. Creiem fermament que aquests s\u00f3n els factors clau per demostrar una gesti\u00f3 empresarial adequada i assegurar aix\u00ed la continu\u00eftat de la nostra activitat en el futur.<\/p>\n\n\n\n<p>La descripci\u00f3 de la totalitat del sistema es descriu al Manual de Qualitat, complint els requisits de la norma <strong>UNE-EN ISO 9001:2015<\/strong>. El Sistema de Gesti\u00f3 de la Qualitat descrit en aquest manual l&#039;ha desenvolupat Auxlaper i compta amb l&#039;aprovaci\u00f3 i el seguiment continu de la Direcci\u00f3 de l&#039;empresa, adquirint el comprom\u00eds de complir els requisits legislatius, reglamentaris i els que consideri, establint i revisant els objectius de qualitat. La Direcci\u00f3 controla que es mantingui la integritat del sistema quan es planifiquin i implementin canvis.<\/p>\n\n\n\n<p>La pol\u00edtica \u00e9s revisada peri\u00f2dicament per assegurar una adequaci\u00f3 continuada a causa de les circumst\u00e0ncies canviants. Es comunica a tot el personal de l&#039;organitzaci\u00f3 i \u00e9s a disposici\u00f3 p\u00fablica. Peri\u00f2dicament es d\u00f3na a con\u00e8ixer totes les parts interessades.<\/p>\n\n\n\n<p>Agraeixo el suport a aquesta pol\u00edtica per part de tot el personal de <strong>Auxlaper<\/strong>.<\/p>\n\n\n\n<div style=\"height:100px\" aria-hidden=\"true\" class=\"wp-block-spacer\"><\/div>\n\n\n\n<p>Signat:&nbsp; <strong>Pere Ma\u00f1osa<\/strong>,&nbsp;<\/p>\n\n\n\n<figure class=\"wp-block-image size-full is-resized\"><img fetchpriority=\"high\" decoding=\"async\" width=\"874\" height=\"332\" src=\"https:\/\/auxlaper.com\/wp-content\/uploads\/2025\/03\/Captura-de-pantalla-2025-03-12-a-las-12.36.34.png\" alt=\"\" class=\"wp-image-4464\" style=\"width:216px;height:auto\" srcset=\"https:\/\/auxlaper.com\/wp-content\/uploads\/2025\/03\/Captura-de-pantalla-2025-03-12-a-las-12.36.34.png 874w, https:\/\/auxlaper.com\/wp-content\/uploads\/2025\/03\/Captura-de-pantalla-2025-03-12-a-las-12.36.34-768x292.png 768w, https:\/\/auxlaper.com\/wp-content\/uploads\/2025\/03\/Captura-de-pantalla-2025-03-12-a-las-12.36.34-300x114.png 300w\" sizes=\"(max-width: 874px) 100vw, 874px\" \/><\/figure>\n\n\n\n<p><strong>Director General<\/strong><\/p>\n\n\n\n<p>Data: 24\/04\/2024<\/p>\n\n\n\n<div style=\"height:100px\" aria-hidden=\"true\" class=\"wp-block-spacer\"><\/div>\n\n\n\n<div style=\"height:100px\" aria-hidden=\"true\" class=\"wp-block-spacer\"><\/div>","protected":false},"excerpt":{"rendered":"<p>Pol\u00edtica de calidad El principal objetivo de Auxlaper es distribuir a nuestros clientes, frascos y viales de vidrio y pl\u00e1stico para la industria farmac\u00e9utica, veterinaria y cosm\u00e9tica, tarros para alimentaci\u00f3n y botellas para vinos, cavas, licores, cervezas y aceites que cumplan sus necesidades y expectativas, a un precio competitivo. Nuestros clientes precisan que los productos [&hellip;]<\/p>\n","protected":false},"author":4,"featured_media":0,"parent":0,"menu_order":0,"comment_status":"closed","ping_status":"closed","template":"","meta":{"footnotes":""},"class_list":["post-4430","page","type-page","status-publish","hentry"],"_links":{"self":[{"href":"https:\/\/auxlaper.com\/cat\/wp-json\/wp\/v2\/pages\/4430","targetHints":{"allow":["GET"]}}],"collection":[{"href":"https:\/\/auxlaper.com\/cat\/wp-json\/wp\/v2\/pages"}],"about":[{"href":"https:\/\/auxlaper.com\/cat\/wp-json\/wp\/v2\/types\/page"}],"author":[{"embeddable":true,"href":"https:\/\/auxlaper.com\/cat\/wp-json\/wp\/v2\/users\/4"}],"replies":[{"embeddable":true,"href":"https:\/\/auxlaper.com\/cat\/wp-json\/wp\/v2\/comments?post=4430"}],"version-history":[{"count":15,"href":"https:\/\/auxlaper.com\/cat\/wp-json\/wp\/v2\/pages\/4430\/revisions"}],"predecessor-version":[{"id":4466,"href":"https:\/\/auxlaper.com\/cat\/wp-json\/wp\/v2\/pages\/4430\/revisions\/4466"}],"wp:attachment":[{"href":"https:\/\/auxlaper.com\/cat\/wp-json\/wp\/v2\/media?parent=4430"}],"curies":[{"name":"wp","href":"https:\/\/api.w.org\/{rel}","templated":true}]}}