{"id":1249,"date":"2023-01-09T17:30:34","date_gmt":"2023-01-09T17:30:34","guid":{"rendered":"https:\/\/test.auxlaper.com\/?post_type=product&#038;p=1249"},"modified":"2026-03-03T10:11:59","modified_gmt":"2026-03-03T10:11:59","slug":"vial-de-polipropile-esterilitzat-50-100-250-500-ml","status":"publish","type":"product","link":"https:\/\/auxlaper.com\/cat\/producte\/vial-de-polipropile-esterilitzat-50-100-250-500-ml\/","title":{"rendered":"VIAL DE POLIPROPIL\u00c8 ESTERILITZAT"},"content":{"rendered":"","protected":false},"excerpt":{"rendered":"<h3>( 50 \/ 100 \/ 250 \/ 500 ml)<\/h3>\n<p>&nbsp;<\/p>\n<p>Vials injectables esterilitzats especialment dissenyats per al sector veterinari. Disponibles en polipropil\u00e8 en les capacitats de 50 ml, 100 ml, 250 ml i 500 ml en color topazi i transparent. Tots ells fabricats amb els m\u00e9s alts est\u00e0ndards de qualitat i complint tots els requisits exigits per la farmacopea europea per a envasos de condicionament primari de medicaments injectables (ISO 15378), inspeccionats i empaquetats a sala neta (ISO 8). VIDRE DE<\/p>\n<p>&nbsp;<\/p>\n<p>&nbsp;<\/p>\n<p><img decoding=\"async\" class=\"alignnone size-full wp-image-698\" src=\"https:\/\/auxlaper.com\/wp-content\/uploads\/2022\/06\/fletxa2.png\" alt=\"fletxa_icon\" width=\"10\" height=\"10\" \/>\u00a0 Polipropil\u00e8<\/p>\n<p><img decoding=\"async\" class=\"alignnone size-full wp-image-698\" src=\"https:\/\/auxlaper.com\/wp-content\/uploads\/2022\/06\/fletxa2.png\" alt=\"fletxa_icon\" width=\"10\" height=\"10\" \/>\u00a0 Color: Topazi &amp; Transparent<\/p>\n<p><img decoding=\"async\" class=\"alignnone size-full wp-image-698\" src=\"https:\/\/auxlaper.com\/wp-content\/uploads\/2022\/06\/fletxa2.png\" alt=\"fletxa_icon\" width=\"10\" height=\"10\" \/>\u00a0 Boca: ISO 20<\/p>\n<p><img decoding=\"async\" class=\"alignnone size-full wp-image-698\" src=\"https:\/\/auxlaper.com\/wp-content\/uploads\/2022\/06\/fletxa2.png\" alt=\"fletxa_icon\" width=\"10\" height=\"10\" \/>\u00a0 Capacitat: 50\/100\/250\/500 ml<\/p>","protected":false},"featured_media":1253,"comment_status":"open","ping_status":"closed","template":"","meta":[],"product_brand":[],"product_cat":[21],"product_tag":[],"class_list":{"0":"post-1249","1":"product","2":"type-product","3":"status-publish","4":"has-post-thumbnail","6":"product_cat-viales-de-plastico","8":"first","9":"instock","10":"shipping-taxable","11":"purchasable","12":"product-type-simple"},"_links":{"self":[{"href":"https:\/\/auxlaper.com\/cat\/wp-json\/wp\/v2\/product\/1249","targetHints":{"allow":["GET"]}}],"collection":[{"href":"https:\/\/auxlaper.com\/cat\/wp-json\/wp\/v2\/product"}],"about":[{"href":"https:\/\/auxlaper.com\/cat\/wp-json\/wp\/v2\/types\/product"}],"replies":[{"embeddable":true,"href":"https:\/\/auxlaper.com\/cat\/wp-json\/wp\/v2\/comments?post=1249"}],"wp:featuredmedia":[{"embeddable":true,"href":"https:\/\/auxlaper.com\/cat\/wp-json\/wp\/v2\/media\/1253"}],"wp:attachment":[{"href":"https:\/\/auxlaper.com\/cat\/wp-json\/wp\/v2\/media?parent=1249"}],"wp:term":[{"taxonomy":"product_brand","embeddable":true,"href":"https:\/\/auxlaper.com\/cat\/wp-json\/wp\/v2\/product_brand?post=1249"},{"taxonomy":"product_cat","embeddable":true,"href":"https:\/\/auxlaper.com\/cat\/wp-json\/wp\/v2\/product_cat?post=1249"},{"taxonomy":"product_tag","embeddable":true,"href":"https:\/\/auxlaper.com\/cat\/wp-json\/wp\/v2\/product_tag?post=1249"}],"curies":[{"name":"wp","href":"https:\/\/api.w.org\/{rel}","templated":true}]}}