{"id":1256,"date":"2023-01-10T05:51:57","date_gmt":"2023-01-10T05:51:57","guid":{"rendered":"https:\/\/test.auxlaper.com\/?post_type=product&#038;p=1256"},"modified":"2023-07-13T10:15:22","modified_gmt":"2023-07-13T10:15:22","slug":"dome-aerosols-type-3-15-24-30-40-50-80-ml","status":"publish","type":"product","link":"https:\/\/auxlaper.com\/cat\/producte\/dome-aerosols-type-3-15-24-30-40-50-80-ml\/","title":{"rendered":"DOME AEROSOLS"},"content":{"rendered":"","protected":false},"excerpt":{"rendered":"<h3><\/h3>\n<p>Comercialitzem dues l\u00ednies d&#039;aerosols: les gammes Dome i Tube. Podent afegir valor i seguretat als teus envasos gr\u00e0cies al plastificat i serigrafiat dels mateixos; amb un acabat personalitzat, original i informatiu, d&#039;acord amb les regulacions vigents de la UE en aerosols.<br \/>\nEls envasos plastificats conserven les qualitats intr\u00ednseques del vidre, millorant la seguretat del pacient en cas de trencament i oferint m\u00e9s protecci\u00f3 del producte contra possibles cops mec\u00e0nics i la llum.<\/p>\n<p>S\u00f3n fabricats complint tots els requisits exigits per la farmacopea europea per a envasos d&#039;acondicionament primari de medicaments (ISO 15378). Tots els aerosols fabricats s\u00f3n inspeccionats, controlats i empaquetats a sala neta (ISO 8)<\/p>\n<p>&nbsp;<\/p>\n<p><img decoding=\"async\" class=\"alignnone size-full wp-image-698\" src=\"https:\/\/auxlaper.com\/wp-content\/uploads\/2022\/06\/fletxa2.png\" alt=\"fletxa_icon\" width=\"10\" height=\"10\" \/>\u00a0 Vidre Tipus III<\/p>\n<p><img decoding=\"async\" class=\"alignnone size-full wp-image-698\" src=\"https:\/\/auxlaper.com\/wp-content\/uploads\/2022\/06\/fletxa2.png\" alt=\"fletxa_icon\" width=\"10\" height=\"10\" \/>\u00a0 Color Blanc<\/p>\n<p><img decoding=\"async\" class=\"alignnone size-full wp-image-698\" src=\"https:\/\/auxlaper.com\/wp-content\/uploads\/2022\/06\/fletxa2.png\" alt=\"fletxa_icon\" width=\"10\" height=\"10\" \/>\u00a0 Disponibilitat de plastificar o serigrafiar.<\/p>\n<p>&nbsp;<\/p>\n<p><strong>Disponibilitat de plastificar i serigrafiar tots els nostres envasos en tots els colors i acabats (mat o brillant).<\/strong><\/p>","protected":false},"featured_media":1257,"comment_status":"open","ping_status":"closed","template":"","meta":[],"product_brand":[],"product_cat":[46,23,41],"product_tag":[],"class_list":{"0":"post-1256","1":"product","2":"type-product","3":"status-publish","4":"has-post-thumbnail","6":"product_cat-envases-para-farmacia","7":"product_cat-vidrio-de-molde","8":"product_cat-aerosoles","10":"first","11":"instock","12":"shipping-taxable","13":"purchasable","14":"product-type-simple"},"_links":{"self":[{"href":"https:\/\/auxlaper.com\/cat\/wp-json\/wp\/v2\/product\/1256","targetHints":{"allow":["GET"]}}],"collection":[{"href":"https:\/\/auxlaper.com\/cat\/wp-json\/wp\/v2\/product"}],"about":[{"href":"https:\/\/auxlaper.com\/cat\/wp-json\/wp\/v2\/types\/product"}],"replies":[{"embeddable":true,"href":"https:\/\/auxlaper.com\/cat\/wp-json\/wp\/v2\/comments?post=1256"}],"wp:featuredmedia":[{"embeddable":true,"href":"https:\/\/auxlaper.com\/cat\/wp-json\/wp\/v2\/media\/1257"}],"wp:attachment":[{"href":"https:\/\/auxlaper.com\/cat\/wp-json\/wp\/v2\/media?parent=1256"}],"wp:term":[{"taxonomy":"product_brand","embeddable":true,"href":"https:\/\/auxlaper.com\/cat\/wp-json\/wp\/v2\/product_brand?post=1256"},{"taxonomy":"product_cat","embeddable":true,"href":"https:\/\/auxlaper.com\/cat\/wp-json\/wp\/v2\/product_cat?post=1256"},{"taxonomy":"product_tag","embeddable":true,"href":"https:\/\/auxlaper.com\/cat\/wp-json\/wp\/v2\/product_tag?post=1256"}],"curies":[{"name":"wp","href":"https:\/\/api.w.org\/{rel}","templated":true}]}}